{"id":10129,"date":"2025-01-03T14:30:30","date_gmt":"2025-01-03T14:30:30","guid":{"rendered":"http:\/\/mdem.com.ar\/rollo-film-para-uso-cosmetologico\/"},"modified":"2025-01-08T20:14:51","modified_gmt":"2025-01-08T20:14:51","slug":"rollo-film-para-uso-cosmetologico","status":"publish","type":"product","link":"https:\/\/mdem.com.ar\/en\/rollo-film-para-uso-cosmetologico\/","title":{"rendered":"ROLLO FILM PARA USO COSMETOL\u00d3GICO"},"content":{"rendered":"","protected":false},"excerpt":{"rendered":"<p>El papel film para cejas de la marca City Girl es un producto dise\u00f1ado para la t\u00e9cnica de microblading o tatuaje de cejas semipermanente. Se trata de una pel\u00edcula transparente y autoadhesiva que se utiliza para cubrir y proteger las cejas reci\u00e9n tatuadas. Esta pel\u00edcula ayuda a mantener la zona limpia, evita la entrada de bacterias y permite que la piel respire. Adem\u00e1s, es resistente al agua y c\u00f3moda de usar. Es una herramienta esencial en el proceso de cuidado post-microblading para obtener resultados \u00f3ptimos y duraderos.<\/p>\n","protected":false},"featured_media":10126,"comment_status":"open","ping_status":"closed","template":"","meta":[],"pwb-brand":[154],"product_brand":[],"product_cat":[224,271],"product_tag":[],"class_list":{"0":"post-10129","1":"product","2":"type-product","3":"status-publish","4":"has-post-thumbnail","6":"pwb-brand-city-girl","7":"product_cat-beauty-2","8":"product_cat-herramientas-de-unas","10":"first","11":"instock","12":"shipping-taxable","13":"purchasable","14":"product-type-simple"},"group_of_quantity":0,"min_quantity":0,"max_quantity":"","exclude_order_quantity_value_rules":"no","exclude_category_quantity_rules":"no","combine_variations":"no","jetpack_sharing_enabled":true,"brands":[{"id":154,"name":"CITY GIRL","slug":"city-girl"}],"_links":{"self":[{"href":"https:\/\/mdem.com.ar\/en\/wp-json\/wp\/v2\/product\/10129","targetHints":{"allow":["GET"]}}],"collection":[{"href":"https:\/\/mdem.com.ar\/en\/wp-json\/wp\/v2\/product"}],"about":[{"href":"https:\/\/mdem.com.ar\/en\/wp-json\/wp\/v2\/types\/product"}],"replies":[{"embeddable":true,"href":"https:\/\/mdem.com.ar\/en\/wp-json\/wp\/v2\/comments?post=10129"}],"wp:featuredmedia":[{"embeddable":true,"href":"https:\/\/mdem.com.ar\/en\/wp-json\/wp\/v2\/media\/10126"}],"wp:attachment":[{"href":"https:\/\/mdem.com.ar\/en\/wp-json\/wp\/v2\/media?parent=10129"}],"wp:term":[{"taxonomy":"pwb-brand","embeddable":true,"href":"https:\/\/mdem.com.ar\/en\/wp-json\/wp\/v2\/pwb-brand?post=10129"},{"taxonomy":"product_brand","embeddable":true,"href":"https:\/\/mdem.com.ar\/en\/wp-json\/wp\/v2\/product_brand?post=10129"},{"taxonomy":"product_cat","embeddable":true,"href":"https:\/\/mdem.com.ar\/en\/wp-json\/wp\/v2\/product_cat?post=10129"},{"taxonomy":"product_tag","embeddable":true,"href":"https:\/\/mdem.com.ar\/en\/wp-json\/wp\/v2\/product_tag?post=10129"}],"curies":[{"name":"wp","href":"https:\/\/api.w.org\/{rel}","templated":true}]}}