{"id":39543,"date":"2025-08-25T17:33:41","date_gmt":"2025-08-25T20:33:41","guid":{"rendered":"https:\/\/mdem.com.ar\/?post_type=product&#038;p=39543"},"modified":"2025-08-25T17:33:54","modified_gmt":"2025-08-25T20:33:54","slug":"decoracion-de-monos-para-unas-city-girl","status":"publish","type":"product","link":"https:\/\/mdem.com.ar\/en\/decoracion-de-monos-para-unas-city-girl\/","title":{"rendered":"DECORACI\u00d3N DE MO\u00d1OS PARA U\u00d1AS CITY GIRL"},"content":{"rendered":"","protected":false},"excerpt":{"rendered":"","protected":false},"featured_media":39544,"comment_status":"open","ping_status":"closed","template":"","meta":[],"pwb-brand":[154],"product_brand":[],"product_cat":[237,109,100],"product_tag":[],"class_list":{"0":"post-39543","1":"product","2":"type-product","3":"status-publish","4":"has-post-thumbnail","6":"pwb-brand-city-girl","7":"product_cat-decoraciones","8":"product_cat-nuevos","9":"product_cat-unas","11":"first","12":"instock","13":"shipping-taxable","14":"purchasable","15":"product-type-simple"},"group_of_quantity":6,"min_quantity":6,"max_quantity":"","exclude_order_quantity_value_rules":"no","exclude_category_quantity_rules":"no","combine_variations":"no","jetpack_sharing_enabled":true,"brands":[{"id":154,"name":"CITY GIRL","slug":"city-girl"}],"_links":{"self":[{"href":"https:\/\/mdem.com.ar\/en\/wp-json\/wp\/v2\/product\/39543","targetHints":{"allow":["GET"]}}],"collection":[{"href":"https:\/\/mdem.com.ar\/en\/wp-json\/wp\/v2\/product"}],"about":[{"href":"https:\/\/mdem.com.ar\/en\/wp-json\/wp\/v2\/types\/product"}],"replies":[{"embeddable":true,"href":"https:\/\/mdem.com.ar\/en\/wp-json\/wp\/v2\/comments?post=39543"}],"wp:featuredmedia":[{"embeddable":true,"href":"https:\/\/mdem.com.ar\/en\/wp-json\/wp\/v2\/media\/39544"}],"wp:attachment":[{"href":"https:\/\/mdem.com.ar\/en\/wp-json\/wp\/v2\/media?parent=39543"}],"wp:term":[{"taxonomy":"pwb-brand","embeddable":true,"href":"https:\/\/mdem.com.ar\/en\/wp-json\/wp\/v2\/pwb-brand?post=39543"},{"taxonomy":"product_brand","embeddable":true,"href":"https:\/\/mdem.com.ar\/en\/wp-json\/wp\/v2\/product_brand?post=39543"},{"taxonomy":"product_cat","embeddable":true,"href":"https:\/\/mdem.com.ar\/en\/wp-json\/wp\/v2\/product_cat?post=39543"},{"taxonomy":"product_tag","embeddable":true,"href":"https:\/\/mdem.com.ar\/en\/wp-json\/wp\/v2\/product_tag?post=39543"}],"curies":[{"name":"wp","href":"https:\/\/api.w.org\/{rel}","templated":true}]}}