{"id":43593,"date":"2025-10-15T17:49:32","date_gmt":"2025-10-15T20:49:32","guid":{"rendered":"https:\/\/mdem.com.ar\/?post_type=product&#038;p=43593"},"modified":"2025-10-15T17:49:33","modified_gmt":"2025-10-15T20:49:33","slug":"decoracion-para-unas-monitos-city-girl-2","status":"publish","type":"product","link":"https:\/\/mdem.com.ar\/en\/decoracion-para-unas-monitos-city-girl-2\/","title":{"rendered":"DECORACI\u00d3N PARA U\u00d1AS MO\u00d1ITOS CITY GIRL"},"content":{"rendered":"","protected":false},"excerpt":{"rendered":"","protected":false},"featured_media":43597,"comment_status":"open","ping_status":"closed","template":"","meta":[],"pwb-brand":[154],"product_brand":[],"product_cat":[237,109,100],"product_tag":[],"class_list":{"0":"post-43593","1":"product","2":"type-product","3":"status-publish","4":"has-post-thumbnail","6":"pwb-brand-city-girl","7":"product_cat-decoraciones","8":"product_cat-nuevos","9":"product_cat-unas","11":"first","12":"instock","13":"shipping-taxable","14":"purchasable","15":"product-type-simple"},"group_of_quantity":6,"min_quantity":6,"max_quantity":"","exclude_order_quantity_value_rules":"no","exclude_category_quantity_rules":"no","combine_variations":"no","jetpack_sharing_enabled":true,"brands":[{"id":154,"name":"CITY GIRL","slug":"city-girl"}],"_links":{"self":[{"href":"https:\/\/mdem.com.ar\/en\/wp-json\/wp\/v2\/product\/43593","targetHints":{"allow":["GET"]}}],"collection":[{"href":"https:\/\/mdem.com.ar\/en\/wp-json\/wp\/v2\/product"}],"about":[{"href":"https:\/\/mdem.com.ar\/en\/wp-json\/wp\/v2\/types\/product"}],"replies":[{"embeddable":true,"href":"https:\/\/mdem.com.ar\/en\/wp-json\/wp\/v2\/comments?post=43593"}],"wp:featuredmedia":[{"embeddable":true,"href":"https:\/\/mdem.com.ar\/en\/wp-json\/wp\/v2\/media\/43597"}],"wp:attachment":[{"href":"https:\/\/mdem.com.ar\/en\/wp-json\/wp\/v2\/media?parent=43593"}],"wp:term":[{"taxonomy":"pwb-brand","embeddable":true,"href":"https:\/\/mdem.com.ar\/en\/wp-json\/wp\/v2\/pwb-brand?post=43593"},{"taxonomy":"product_brand","embeddable":true,"href":"https:\/\/mdem.com.ar\/en\/wp-json\/wp\/v2\/product_brand?post=43593"},{"taxonomy":"product_cat","embeddable":true,"href":"https:\/\/mdem.com.ar\/en\/wp-json\/wp\/v2\/product_cat?post=43593"},{"taxonomy":"product_tag","embeddable":true,"href":"https:\/\/mdem.com.ar\/en\/wp-json\/wp\/v2\/product_tag?post=43593"}],"curies":[{"name":"wp","href":"https:\/\/api.w.org\/{rel}","templated":true}]}}