{"id":4660,"date":"2025-01-03T13:28:44","date_gmt":"2025-01-03T13:28:44","guid":{"rendered":"http:\/\/mdem.com.ar\/cabina-uv-led-48w\/"},"modified":"2025-08-09T10:58:28","modified_gmt":"2025-08-09T13:58:28","slug":"cabina-uv-led-48w","status":"publish","type":"product","link":"https:\/\/mdem.com.ar\/en\/cabina-uv-led-48w\/","title":{"rendered":"CABINA UV\/LED  48W"},"content":{"rendered":"","protected":false},"excerpt":{"rendered":"<p>U\u00f1as brillantes, c\u00f3modo para la vista, sin sensaci\u00f3n de ardor.<\/p>\n<p>Doble fuente de luz LED que permite currar geles UV, geles de construcci\u00f3n y geles led.<\/p>\n<p>42 piezas LED estrat\u00e9gicamente ubicadas que cubren toda la superficie de manera uniforme brindando m\u00e1s libertad de movimiento.<\/p>\n<p>50.000 hrs de vida \u00fatil.<\/p>\n","protected":false},"featured_media":4657,"comment_status":"open","ping_status":"closed","template":"","meta":[],"pwb-brand":[154],"product_brand":[],"product_cat":[669,100],"product_tag":[],"class_list":{"0":"post-4660","1":"product","2":"type-product","3":"status-publish","4":"has-post-thumbnail","6":"pwb-brand-city-girl","7":"product_cat-cabinas-2","8":"product_cat-unas","10":"first","11":"outofstock","12":"shipping-taxable","13":"purchasable","14":"product-type-simple"},"group_of_quantity":0,"min_quantity":0,"max_quantity":"","exclude_order_quantity_value_rules":"no","exclude_category_quantity_rules":"no","combine_variations":"no","jetpack_sharing_enabled":true,"brands":[{"id":154,"name":"CITY GIRL","slug":"city-girl"}],"_links":{"self":[{"href":"https:\/\/mdem.com.ar\/en\/wp-json\/wp\/v2\/product\/4660","targetHints":{"allow":["GET"]}}],"collection":[{"href":"https:\/\/mdem.com.ar\/en\/wp-json\/wp\/v2\/product"}],"about":[{"href":"https:\/\/mdem.com.ar\/en\/wp-json\/wp\/v2\/types\/product"}],"replies":[{"embeddable":true,"href":"https:\/\/mdem.com.ar\/en\/wp-json\/wp\/v2\/comments?post=4660"}],"wp:featuredmedia":[{"embeddable":true,"href":"https:\/\/mdem.com.ar\/en\/wp-json\/wp\/v2\/media\/4657"}],"wp:attachment":[{"href":"https:\/\/mdem.com.ar\/en\/wp-json\/wp\/v2\/media?parent=4660"}],"wp:term":[{"taxonomy":"pwb-brand","embeddable":true,"href":"https:\/\/mdem.com.ar\/en\/wp-json\/wp\/v2\/pwb-brand?post=4660"},{"taxonomy":"product_brand","embeddable":true,"href":"https:\/\/mdem.com.ar\/en\/wp-json\/wp\/v2\/product_brand?post=4660"},{"taxonomy":"product_cat","embeddable":true,"href":"https:\/\/mdem.com.ar\/en\/wp-json\/wp\/v2\/product_cat?post=4660"},{"taxonomy":"product_tag","embeddable":true,"href":"https:\/\/mdem.com.ar\/en\/wp-json\/wp\/v2\/product_tag?post=4660"}],"curies":[{"name":"wp","href":"https:\/\/api.w.org\/{rel}","templated":true}]}}