{"id":6805,"date":"2025-01-03T13:52:48","date_gmt":"2025-01-03T13:52:48","guid":{"rendered":"http:\/\/mdem.com.ar\/decoracion-para-unas-25\/"},"modified":"2026-04-18T12:28:22","modified_gmt":"2026-04-18T15:28:22","slug":"decoracion-para-unas-25","status":"publish","type":"product","link":"https:\/\/mdem.com.ar\/en\/decoracion-para-unas-25\/","title":{"rendered":"DECORACI\u00d3N PARA U\u00d1AS"},"content":{"rendered":"","protected":false},"excerpt":{"rendered":"<p>Deco de U\u00f1as Joyeria<\/p>\n","protected":false},"featured_media":6802,"comment_status":"open","ping_status":"closed","template":"","meta":[],"pwb-brand":[154],"product_brand":[],"product_cat":[237,221,100],"product_tag":[],"class_list":{"0":"post-6805","1":"product","2":"type-product","3":"status-publish","4":"has-post-thumbnail","6":"pwb-brand-city-girl","7":"product_cat-decoraciones","8":"product_cat-nail-art","9":"product_cat-unas","11":"first","12":"instock","13":"sale","14":"shipping-taxable","15":"purchasable","16":"product-type-simple"},"group_of_quantity":0,"min_quantity":0,"max_quantity":"","exclude_order_quantity_value_rules":"no","exclude_category_quantity_rules":"no","combine_variations":"no","jetpack_sharing_enabled":true,"brands":[{"id":154,"name":"CITY GIRL","slug":"city-girl"}],"_links":{"self":[{"href":"https:\/\/mdem.com.ar\/en\/wp-json\/wp\/v2\/product\/6805","targetHints":{"allow":["GET"]}}],"collection":[{"href":"https:\/\/mdem.com.ar\/en\/wp-json\/wp\/v2\/product"}],"about":[{"href":"https:\/\/mdem.com.ar\/en\/wp-json\/wp\/v2\/types\/product"}],"replies":[{"embeddable":true,"href":"https:\/\/mdem.com.ar\/en\/wp-json\/wp\/v2\/comments?post=6805"}],"wp:featuredmedia":[{"embeddable":true,"href":"https:\/\/mdem.com.ar\/en\/wp-json\/wp\/v2\/media\/6802"}],"wp:attachment":[{"href":"https:\/\/mdem.com.ar\/en\/wp-json\/wp\/v2\/media?parent=6805"}],"wp:term":[{"taxonomy":"pwb-brand","embeddable":true,"href":"https:\/\/mdem.com.ar\/en\/wp-json\/wp\/v2\/pwb-brand?post=6805"},{"taxonomy":"product_brand","embeddable":true,"href":"https:\/\/mdem.com.ar\/en\/wp-json\/wp\/v2\/product_brand?post=6805"},{"taxonomy":"product_cat","embeddable":true,"href":"https:\/\/mdem.com.ar\/en\/wp-json\/wp\/v2\/product_cat?post=6805"},{"taxonomy":"product_tag","embeddable":true,"href":"https:\/\/mdem.com.ar\/en\/wp-json\/wp\/v2\/product_tag?post=6805"}],"curies":[{"name":"wp","href":"https:\/\/api.w.org\/{rel}","templated":true}]}}