{"id":50952,"date":"2026-04-06T17:31:23","date_gmt":"2026-04-06T20:31:23","guid":{"rendered":"https:\/\/mdem.com.ar\/?post_type=product&#038;p=50952"},"modified":"2026-04-15T16:46:39","modified_gmt":"2026-04-15T19:46:39","slug":"torno-para-unas-city-girl-3w","status":"publish","type":"product","link":"https:\/\/mdem.com.ar\/zh-hans\/torno-para-unas-city-girl-3w\/","title":{"rendered":"TORNO PARA U\u00d1AS CITY GIRL 3W"},"content":{"rendered":"<p><strong>Importante: el empaque indica que es inal\u00e1mbrico, pero se trata de un error de impresi\u00f3n. El torno es con cable.<\/strong><\/p>\n","protected":false},"excerpt":{"rendered":"<p>Importante: el empaque indica que es inal\u00e1mbrico, pero  [&#8230;]\n","protected":false},"featured_media":50953,"comment_status":"open","ping_status":"closed","template":"","meta":[],"pwb-brand":[154],"product_brand":[],"product_cat":[669,109,191,100],"product_tag":[],"class_list":{"0":"post-50952","1":"product","2":"type-product","3":"status-publish","4":"has-post-thumbnail","6":"pwb-brand-city-girl","7":"product_cat-cabinas-2","8":"product_cat-nuevos","9":"product_cat-ofertas","10":"product_cat-unas","12":"first","13":"instock","14":"shipping-taxable","15":"purchasable","16":"product-type-simple"},"group_of_quantity":0,"min_quantity":0,"max_quantity":"","exclude_order_quantity_value_rules":"no","exclude_category_quantity_rules":"no","combine_variations":"no","jetpack_sharing_enabled":true,"brands":[{"id":154,"name":"CITY GIRL","slug":"city-girl"}],"_links":{"self":[{"href":"https:\/\/mdem.com.ar\/zh-hans\/wp-json\/wp\/v2\/product\/50952","targetHints":{"allow":["GET"]}}],"collection":[{"href":"https:\/\/mdem.com.ar\/zh-hans\/wp-json\/wp\/v2\/product"}],"about":[{"href":"https:\/\/mdem.com.ar\/zh-hans\/wp-json\/wp\/v2\/types\/product"}],"replies":[{"embeddable":true,"href":"https:\/\/mdem.com.ar\/zh-hans\/wp-json\/wp\/v2\/comments?post=50952"}],"wp:featuredmedia":[{"embeddable":true,"href":"https:\/\/mdem.com.ar\/zh-hans\/wp-json\/wp\/v2\/media\/50953"}],"wp:attachment":[{"href":"https:\/\/mdem.com.ar\/zh-hans\/wp-json\/wp\/v2\/media?parent=50952"}],"wp:term":[{"taxonomy":"pwb-brand","embeddable":true,"href":"https:\/\/mdem.com.ar\/zh-hans\/wp-json\/wp\/v2\/pwb-brand?post=50952"},{"taxonomy":"product_brand","embeddable":true,"href":"https:\/\/mdem.com.ar\/zh-hans\/wp-json\/wp\/v2\/product_brand?post=50952"},{"taxonomy":"product_cat","embeddable":true,"href":"https:\/\/mdem.com.ar\/zh-hans\/wp-json\/wp\/v2\/product_cat?post=50952"},{"taxonomy":"product_tag","embeddable":true,"href":"https:\/\/mdem.com.ar\/zh-hans\/wp-json\/wp\/v2\/product_tag?post=50952"}],"curies":[{"name":"wp","href":"https:\/\/api.w.org\/{rel}","templated":true}]}}