{"id":6070,"date":"2025-01-03T13:44:21","date_gmt":"2025-01-03T13:44:21","guid":{"rendered":"http:\/\/mdem.com.ar\/accesorios-para-unas-5\/"},"modified":"2025-09-19T16:43:26","modified_gmt":"2025-09-19T19:43:26","slug":"accesorios-para-unas-5","status":"publish","type":"product","link":"https:\/\/mdem.com.ar\/zh-hans\/accesorios-para-unas-5\/","title":{"rendered":"DECORACI\u00d3N PARA U\u00d1AS"},"content":{"rendered":"","protected":false},"excerpt":{"rendered":"<p>Accesorios para U\u00f1as Joyeria<\/p>\n","protected":false},"featured_media":6067,"comment_status":"open","ping_status":"closed","template":"","meta":[],"pwb-brand":[154],"product_brand":[],"product_cat":[237,221,100],"product_tag":[],"class_list":{"0":"post-6070","1":"product","2":"type-product","3":"status-publish","4":"has-post-thumbnail","6":"pwb-brand-city-girl","7":"product_cat-decoraciones","8":"product_cat-nail-art","9":"product_cat-unas","11":"first","12":"outofstock","13":"shipping-taxable","14":"purchasable","15":"product-type-simple"},"group_of_quantity":6,"min_quantity":6,"max_quantity":"","exclude_order_quantity_value_rules":"no","exclude_category_quantity_rules":"no","combine_variations":"no","jetpack_sharing_enabled":true,"brands":[{"id":154,"name":"CITY GIRL","slug":"city-girl"}],"_links":{"self":[{"href":"https:\/\/mdem.com.ar\/zh-hans\/wp-json\/wp\/v2\/product\/6070","targetHints":{"allow":["GET"]}}],"collection":[{"href":"https:\/\/mdem.com.ar\/zh-hans\/wp-json\/wp\/v2\/product"}],"about":[{"href":"https:\/\/mdem.com.ar\/zh-hans\/wp-json\/wp\/v2\/types\/product"}],"replies":[{"embeddable":true,"href":"https:\/\/mdem.com.ar\/zh-hans\/wp-json\/wp\/v2\/comments?post=6070"}],"wp:featuredmedia":[{"embeddable":true,"href":"https:\/\/mdem.com.ar\/zh-hans\/wp-json\/wp\/v2\/media\/6067"}],"wp:attachment":[{"href":"https:\/\/mdem.com.ar\/zh-hans\/wp-json\/wp\/v2\/media?parent=6070"}],"wp:term":[{"taxonomy":"pwb-brand","embeddable":true,"href":"https:\/\/mdem.com.ar\/zh-hans\/wp-json\/wp\/v2\/pwb-brand?post=6070"},{"taxonomy":"product_brand","embeddable":true,"href":"https:\/\/mdem.com.ar\/zh-hans\/wp-json\/wp\/v2\/product_brand?post=6070"},{"taxonomy":"product_cat","embeddable":true,"href":"https:\/\/mdem.com.ar\/zh-hans\/wp-json\/wp\/v2\/product_cat?post=6070"},{"taxonomy":"product_tag","embeddable":true,"href":"https:\/\/mdem.com.ar\/zh-hans\/wp-json\/wp\/v2\/product_tag?post=6070"}],"curies":[{"name":"wp","href":"https:\/\/api.w.org\/{rel}","templated":true}]}}